{"id":12931,"date":"2021-04-14T21:56:12","date_gmt":"2021-04-14T18:56:12","guid":{"rendered":"http:\/\/www.msbinsaat.com\/?page_id=12931"},"modified":"2021-04-14T21:59:04","modified_gmt":"2021-04-14T18:59:04","slug":"ongoing-projects","status":"publish","type":"page","link":"https:\/\/www.msbinsaat.com\/en\/ongoing-projects\/","title":{"rendered":"Ongoing Projects"},"content":{"rendered":"\t\t<div data-elementor-type=\"wp-page\" data-elementor-id=\"12931\" class=\"elementor elementor-12931 elementor-1987\" data-elementor-settings=\"[]\">\n\t\t\t\t\t\t\t<div class=\"elementor-section-wrap\">\n\t\t\t\t\t\t\t<section class=\"elementor-section elementor-top-section elementor-element elementor-element-60dbcad elementor-section-boxed elementor-section-height-default elementor-section-height-default mkdf-parallax-row-no mkdf-content-aligment-left mkdf-elementor-row-grid-no mkdf-disabled-bg-image-bellow-no mkdf-row-btt-light\" data-id=\"60dbcad\" data-element_type=\"section\">\n\t\t\t\t\t\t<div class=\"elementor-container elementor-column-gap-default\">\n\t\t\t\t\t<div class=\"elementor-column elementor-col-100 elementor-top-column elementor-element elementor-element-608b478\" data-id=\"608b478\" data-element_type=\"column\">\n\t\t\t<div class=\"elementor-widget-wrap elementor-element-populated\">\n\t\t\t\t\t\t\t\t<div class=\"elementor-element elementor-element-00e2c20 bdt-custom-gallery-skin-fedara-style-center elementor-widget elementor-widget-bdt-post-gallery\" data-id=\"00e2c20\" data-element_type=\"widget\" data-settings=\"{&quot;columns&quot;:&quot;3&quot;,&quot;columns_tablet&quot;:&quot;2&quot;,&quot;columns_mobile&quot;:&quot;1&quot;}\" data-widget_type=\"bdt-post-gallery.bdt-abetis\">\n\t\t\t\t<div class=\"elementor-widget-container\">\n\t\t\t\t\t<div class=\"bdt-post-gallery-wrapper\" >\r\n\t\r\n\t\t\t\t<div id=\"bdt-post-gallery00e2c20\" class=\"bdt-post-gallery bdt-ep-grid-filter-container bdt-post-gallery-skin-abetis bdt-grid bdt-grid-medium\" bdt-grid=\"\" bdt-lightbox=\"toggle: .bdt-gallery-lightbox-item; animation:slide;\">\r\n\r\n\t\t\t\t<div class=\"bdt-gallery-item bdt-transition-toggle bdt-width-1-1 bdt-width-1-2@s bdt-width-1-3@m\">\r\n\t\t\t<div class=\"bdt-post-gallery-inner\">\r\n\t\t\t\t\t\t<div class=\"bdt-gallery-thumbnail bdt-image-mask\">\r\n\t\t\t<img src=\"https:\/\/www.msbinsaat.com\/wp-content\/plugins\/elementor\/assets\/images\/placeholder.png\" alt=\"\u0130skul G\u0131da Paz. Tur. Ltd. \u015eti \/ Zeytinya\u011f\u0131 Fabrikas\u0131\">\t\t<\/div>\r\n\t\t\t\t<div class=\"bdt-position-cover bdt-overlay bdt-overlay-default bdt-transition-fade\">\r\n\t\t\t<div class=\"bdt-post-gallery-content\">\r\n\t\t\t\t<div class=\"bdt-gallery-content-inner\">\r\n\t\t\t\t\t\t\t\t\t\t\t<div class=\"bdt-flex-inline bdt-gallery-item-link-wrapper\">\r\n\t\t\t\t\t\t\t\t\t\t\t\t\t\t\t<a class=\"bdt-gallery-item-link bdt-gallery-lightbox-item bdt-link-icon\" data-elementor-open-lightbox=\"no\" data-caption=\"\u0130skul G\u0131da Paz. Tur. Ltd. \u015eti \/ Zeytinya\u011f\u0131 Fabrikas\u0131\" href=\"https:\/\/www.msbinsaat.com\/wp-content\/plugins\/elementor\/assets\/images\/placeholder.png\">\r\n\t\t\t\t\t\t\t\t\t\t\t\t\t\t\t\t\t\t\t<span bdt-icon=\"icon: image\"><\/span>\r\n\t\t\t\t\t\t\t\t\t\t\t\t\t\t\t\t\t<\/a>\r\n\t\t\t\t\t\t\t\t\t\t\t\t\t\t\r\n\t\t\t\t\t\t\t\t\t\t\t\t\t\t\t\t\t\t\t\t\t\t\t<a class=\"bdt-gallery-item-link bdt-link-icon\" href=\"https:\/\/www.msbinsaat.com\/en\/iskul-gida-paz-tur-ltd-sti-zeytinyagi-fabrikasi\/\" >\r\n\t\t\t\t\t\t\t\t\t\t\t\t\t\t\t\t\t\t\t<span bdt-icon=\"icon: more\"><\/span>\r\n\t\t\t\t\t\t\t\t\t\t\t\t\t\t\t\t\t<\/a>\r\n\t\t\t\t\t\t\t\t\t\t\t\t\t<\/div>\r\n\t\t\t\t\t\t\t\t\t<\/div>\r\n\t\t\t<\/div>\r\n\t\t<\/div>\r\n\t\t\t\t\t<\/div>\r\n\t\t\t\t\t<div class=\"bdt-post-gallery-skin-abetis-desc bdt-padding-small\">\r\n\t\t\t\t\t<a href=\"https:\/\/www.msbinsaat.com\/en\/iskul-gida-paz-tur-ltd-sti-zeytinyagi-fabrikasi\/\" >\r\n\t\t\t<h4 class=\"bdt-gallery-item-title bdt-margin-remove\">\r\n\t\t\t\t\u0130skul G\u0131da Paz. Tur. Ltd. \u015eti \/ Zeytinya\u011f\u0131 Fabrikas\u0131\t\t\t<\/h4>\r\n\t\t<\/a>\r\n\t\t\t\t\t\r\n\t\t<\/div>\r\n\t\t\t\t<\/div>\r\n\r\n\t\t\t\t<div class=\"bdt-gallery-item bdt-transition-toggle bdt-width-1-1 bdt-width-1-2@s bdt-width-1-3@m\">\r\n\t\t\t<div class=\"bdt-post-gallery-inner\">\r\n\t\t\t\t\t\t<div class=\"bdt-gallery-thumbnail bdt-image-mask\">\r\n\t\t\t<img src=\"https:\/\/www.msbinsaat.com\/wp-content\/plugins\/elementor\/assets\/images\/placeholder.png\" alt=\"Muratk\u00f6y Museum\">\t\t<\/div>\r\n\t\t\t\t<div class=\"bdt-position-cover bdt-overlay bdt-overlay-default bdt-transition-fade\">\r\n\t\t\t<div class=\"bdt-post-gallery-content\">\r\n\t\t\t\t<div class=\"bdt-gallery-content-inner\">\r\n\t\t\t\t\t\t\t\t\t\t\t<div class=\"bdt-flex-inline bdt-gallery-item-link-wrapper\">\r\n\t\t\t\t\t\t\t\t\t\t\t\t\t\t\t<a class=\"bdt-gallery-item-link bdt-gallery-lightbox-item bdt-link-icon\" data-elementor-open-lightbox=\"no\" data-caption=\"Muratk\u00f6y Museum\" href=\"https:\/\/www.msbinsaat.com\/wp-content\/plugins\/elementor\/assets\/images\/placeholder.png\">\r\n\t\t\t\t\t\t\t\t\t\t\t\t\t\t\t\t\t\t\t<span bdt-icon=\"icon: image\"><\/span>\r\n\t\t\t\t\t\t\t\t\t\t\t\t\t\t\t\t\t<\/a>\r\n\t\t\t\t\t\t\t\t\t\t\t\t\t\t\r\n\t\t\t\t\t\t\t\t\t\t\t\t\t\t\t\t\t\t\t\t\t\t\t<a class=\"bdt-gallery-item-link bdt-link-icon\" href=\"https:\/\/www.msbinsaat.com\/en\/muratkoy-museum\/\" >\r\n\t\t\t\t\t\t\t\t\t\t\t\t\t\t\t\t\t\t\t<span bdt-icon=\"icon: more\"><\/span>\r\n\t\t\t\t\t\t\t\t\t\t\t\t\t\t\t\t\t<\/a>\r\n\t\t\t\t\t\t\t\t\t\t\t\t\t<\/div>\r\n\t\t\t\t\t\t\t\t\t<\/div>\r\n\t\t\t<\/div>\r\n\t\t<\/div>\r\n\t\t\t\t\t<\/div>\r\n\t\t\t\t\t<div class=\"bdt-post-gallery-skin-abetis-desc bdt-padding-small\">\r\n\t\t\t\t\t<a href=\"https:\/\/www.msbinsaat.com\/en\/muratkoy-museum\/\" >\r\n\t\t\t<h4 class=\"bdt-gallery-item-title bdt-margin-remove\">\r\n\t\t\t\tMuratk\u00f6y Museum\t\t\t<\/h4>\r\n\t\t<\/a>\r\n\t\t\t\t\t\r\n\t\t<\/div>\r\n\t\t\t\t<\/div>\r\n\r\n\t\t\t\t<div class=\"bdt-gallery-item bdt-transition-toggle bdt-width-1-1 bdt-width-1-2@s bdt-width-1-3@m\">\r\n\t\t\t<div class=\"bdt-post-gallery-inner\">\r\n\t\t\t\t\t\t<div class=\"bdt-gallery-thumbnail bdt-image-mask\">\r\n\t\t\t<img src=\"https:\/\/www.msbinsaat.com\/wp-content\/plugins\/elementor\/assets\/images\/placeholder.png\" alt=\"Anet\">\t\t<\/div>\r\n\t\t\t\t<div class=\"bdt-position-cover bdt-overlay bdt-overlay-default bdt-transition-fade\">\r\n\t\t\t<div class=\"bdt-post-gallery-content\">\r\n\t\t\t\t<div class=\"bdt-gallery-content-inner\">\r\n\t\t\t\t\t\t\t\t\t\t\t<div class=\"bdt-flex-inline bdt-gallery-item-link-wrapper\">\r\n\t\t\t\t\t\t\t\t\t\t\t\t\t\t\t<a class=\"bdt-gallery-item-link bdt-gallery-lightbox-item bdt-link-icon\" data-elementor-open-lightbox=\"no\" data-caption=\"Anet\" href=\"https:\/\/www.msbinsaat.com\/wp-content\/plugins\/elementor\/assets\/images\/placeholder.png\">\r\n\t\t\t\t\t\t\t\t\t\t\t\t\t\t\t\t\t\t\t<span bdt-icon=\"icon: image\"><\/span>\r\n\t\t\t\t\t\t\t\t\t\t\t\t\t\t\t\t\t<\/a>\r\n\t\t\t\t\t\t\t\t\t\t\t\t\t\t\r\n\t\t\t\t\t\t\t\t\t\t\t\t\t\t\t\t\t\t\t\t\t\t\t<a class=\"bdt-gallery-item-link bdt-link-icon\" href=\"https:\/\/www.msbinsaat.com\/en\/anet\/\" >\r\n\t\t\t\t\t\t\t\t\t\t\t\t\t\t\t\t\t\t\t<span bdt-icon=\"icon: more\"><\/span>\r\n\t\t\t\t\t\t\t\t\t\t\t\t\t\t\t\t\t<\/a>\r\n\t\t\t\t\t\t\t\t\t\t\t\t\t<\/div>\r\n\t\t\t\t\t\t\t\t\t<\/div>\r\n\t\t\t<\/div>\r\n\t\t<\/div>\r\n\t\t\t\t\t<\/div>\r\n\t\t\t\t\t<div class=\"bdt-post-gallery-skin-abetis-desc bdt-padding-small\">\r\n\t\t\t\t\t<a href=\"https:\/\/www.msbinsaat.com\/en\/anet\/\" >\r\n\t\t\t<h4 class=\"bdt-gallery-item-title bdt-margin-remove\">\r\n\t\t\t\tAnet\t\t\t<\/h4>\r\n\t\t<\/a>\r\n\t\t\t\t\t\r\n\t\t<\/div>\r\n\t\t\t\t<\/div>\r\n\r\n\t\t\r\n\t\t\t<\/div>\r\n\t\t<\/div>\r\n\t\t\t\t<\/div>\n\t\t\t\t<\/div>\n\t\t\t\t\t<\/div>\n\t\t<\/div>\n\t\t\t\t\t\t\t<\/div>\n\t\t<\/section>\n\t\t\t\t\t\t<\/div>\n\t\t\t\t\t<\/div>\n\t\t","protected":false},"excerpt":{"rendered":"<p>Aurum Blue Jasmine<\/p>\n","protected":false},"author":1,"featured_media":0,"parent":0,"menu_order":0,"comment_status":"closed","ping_status":"closed","template":"","meta":[],"_links":{"self":[{"href":"https:\/\/www.msbinsaat.com\/en\/wp-json\/wp\/v2\/pages\/12931"}],"collection":[{"href":"https:\/\/www.msbinsaat.com\/en\/wp-json\/wp\/v2\/pages"}],"about":[{"href":"https:\/\/www.msbinsaat.com\/en\/wp-json\/wp\/v2\/types\/page"}],"author":[{"embeddable":true,"href":"https:\/\/www.msbinsaat.com\/en\/wp-json\/wp\/v2\/users\/1"}],"replies":[{"embeddable":true,"href":"https:\/\/www.msbinsaat.com\/en\/wp-json\/wp\/v2\/comments?post=12931"}],"version-history":[{"count":4,"href":"https:\/\/www.msbinsaat.com\/en\/wp-json\/wp\/v2\/pages\/12931\/revisions"}],"predecessor-version":[{"id":12935,"href":"https:\/\/www.msbinsaat.com\/en\/wp-json\/wp\/v2\/pages\/12931\/revisions\/12935"}],"wp:attachment":[{"href":"https:\/\/www.msbinsaat.com\/en\/wp-json\/wp\/v2\/media?parent=12931"}],"curies":[{"name":"wp","href":"https:\/\/api.w.org\/{rel}","templated":true}]}}