{"id":9739,"date":"2021-04-04T09:24:06","date_gmt":"2021-04-04T06:24:06","guid":{"rendered":"http:\/\/www.msbinsaat.com\/?page_id=9739"},"modified":"2021-04-14T13:01:42","modified_gmt":"2021-04-14T10:01:42","slug":"contact-us","status":"publish","type":"page","link":"https:\/\/www.msbinsaat.com\/en\/contact-us\/","title":{"rendered":"Contact Us"},"content":{"rendered":"\t\t<div data-elementor-type=\"wp-page\" data-elementor-id=\"9739\" class=\"elementor elementor-9739 elementor-37\" data-elementor-settings=\"[]\">\n\t\t\t\t\t\t\t<div class=\"elementor-section-wrap\">\n\t\t\t\t\t\t\t<section class=\"elementor-section elementor-top-section elementor-element elementor-element-fa9b994 elementor-section-full_width elementor-section-stretched elementor-section-height-default elementor-section-height-default mkdf-parallax-row-no mkdf-content-aligment-left mkdf-elementor-row-grid-no mkdf-disabled-bg-image-bellow-no mkdf-row-btt-light\" data-id=\"fa9b994\" data-element_type=\"section\" data-settings=\"{&quot;stretch_section&quot;:&quot;section-stretched&quot;}\">\n\t\t\t\t\t\t<div class=\"elementor-container elementor-column-gap-default\">\n\t\t\t\t\t<div class=\"elementor-column elementor-col-100 elementor-top-column elementor-element elementor-element-2813272\" data-id=\"2813272\" data-element_type=\"column\">\n\t\t\t<div class=\"elementor-widget-wrap elementor-element-populated\">\n\t\t\t\t\t\t\t\t<div class=\"elementor-element elementor-element-a7fcd19 elementor-widget elementor-widget-html\" data-id=\"a7fcd19\" data-element_type=\"widget\" data-widget_type=\"html.default\">\n\t\t\t\t<div class=\"elementor-widget-container\">\n\t\t\t<iframe src=\"https:\/\/www.google.com\/maps\/embed?pb=!1m14!1m8!1m3!1d12507.764451684197!2d27.0675763!3d38.3966106!3m2!1i1024!2i768!4f13.1!3m3!1m2!1s0x0%3A0x4abb51b67fdec238!2zTcWeQiDEsG7Fn2FhdCB2ZSBUdXIuU2FuLlRpYy5BLsWeLg!5e0!3m2!1str!2str!4v1617517273025!5m2!1str!2str\" width=\"600\" height=\"450\" style=\"border:0;\" allowfullscreen=\"\" loading=\"lazy\"><\/iframe>\t\t<\/div>\n\t\t\t\t<\/div>\n\t\t\t\t\t<\/div>\n\t\t<\/div>\n\t\t\t\t\t\t\t<\/div>\n\t\t<\/section>\n\t\t\t\t<section class=\"elementor-section elementor-top-section elementor-element elementor-element-ad11258 elementor-section-full_width elementor-section-stretched elementor-section-height-default elementor-section-height-default mkdf-parallax-row-no mkdf-content-aligment-left mkdf-elementor-row-grid-no mkdf-disabled-bg-image-bellow-no mkdf-row-btt-light\" data-id=\"ad11258\" data-element_type=\"section\" data-settings=\"{&quot;stretch_section&quot;:&quot;section-stretched&quot;}\">\n\t\t\t\t\t\t<div class=\"elementor-container elementor-column-gap-default\">\n\t\t\t\t\t<div class=\"elementor-column elementor-col-50 elementor-top-column elementor-element elementor-element-7f8b2f8\" data-id=\"7f8b2f8\" data-element_type=\"column\">\n\t\t\t<div class=\"elementor-widget-wrap elementor-element-populated\">\n\t\t\t\t\t\t\t\t<div class=\"elementor-element elementor-element-5e8d071 elementor-widget elementor-widget-mkdf_cf7\" data-id=\"5e8d071\" data-element_type=\"widget\" data-widget_type=\"mkdf_cf7.default\">\n\t\t\t\t<div class=\"elementor-widget-container\">\n\t\t\t    <div role=\"form\" class=\"wpcf7\" id=\"wpcf7-f12874-o1\" lang=\"tr-TR\" dir=\"ltr\">\n<div class=\"screen-reader-response\"><p role=\"status\" aria-live=\"polite\" aria-atomic=\"true\"><\/p> <ul><\/ul><\/div>\n<form action=\"\/en\/wp-json\/wp\/v2\/pages\/9739#wpcf7-f12874-o1\" method=\"post\" class=\"wpcf7-form init cf7_custom_style_1\" novalidate=\"novalidate\" data-status=\"init\">\n<div style=\"display: none;\">\n<input type=\"hidden\" name=\"_wpcf7\" value=\"12874\" \/>\n<input type=\"hidden\" name=\"_wpcf7_version\" value=\"5.4\" \/>\n<input type=\"hidden\" name=\"_wpcf7_locale\" value=\"tr_TR\" \/>\n<input type=\"hidden\" name=\"_wpcf7_unit_tag\" value=\"wpcf7-f12874-o1\" \/>\n<input type=\"hidden\" name=\"_wpcf7_container_post\" value=\"0\" \/>\n<input type=\"hidden\" name=\"_wpcf7_posted_data_hash\" value=\"\" \/>\n<\/div>\n<div>\n<h6>Your Name<span class=\"mkdf-form-required-label\">*<\/span><\/h6>\n<p> <span class=\"wpcf7-form-control-wrap your-name\"><input type=\"text\" name=\"your-name\" value=\"\" size=\"40\" class=\"wpcf7-form-control wpcf7-text wpcf7-validates-as-required\" aria-required=\"true\" aria-invalid=\"false\"><\/span>\n<\/p>\n<\/div>\n<div>\n<h6>E-Ma\u0131l <span class=\"mkdf-form-required-label\">*<\/span><\/h6>\n<p> <span class=\"wpcf7-form-control-wrap your-email\"><input type=\"email\" name=\"your-email\" value=\"\" size=\"40\" class=\"wpcf7-form-control wpcf7-text wpcf7-email wpcf7-validates-as-required wpcf7-validates-as-email\" aria-required=\"true\" aria-invalid=\"false\"><\/span> <\/p>\n<\/div>\n<div>\n<h6>Your Message<\/h6>\n<p> <span class=\"wpcf7-form-control-wrap your-message\"><textarea name=\"your-message\" cols=\"40\" rows=\"6\" class=\"wpcf7-form-control wpcf7-textarea\" aria-invalid=\"false\"><\/textarea><\/span> <\/p>\n<\/div>\n<p><button type=\"submit\" class=\"wpcf7-form-control wpcf7-submit mkdf-btn mkdf-btn-medium mkdf-btn-solid\"><span class=\"mkdf-btn-text\">Send<\/span><\/button><span class=\"ajax-loader\"><\/span><\/p>\n<div class=\"wpcf7-response-output\" aria-hidden=\"true\"><\/div><\/form><\/div>\t\t<\/div>\n\t\t\t\t<\/div>\n\t\t\t\t\t<\/div>\n\t\t<\/div>\n\t\t\t\t<div class=\"elementor-column elementor-col-50 elementor-top-column elementor-element elementor-element-dc734bf\" data-id=\"dc734bf\" data-element_type=\"column\" data-settings=\"{&quot;background_background&quot;:&quot;classic&quot;}\">\n\t\t\t<div class=\"elementor-widget-wrap elementor-element-populated\">\n\t\t\t\t\t\t\t\t<section class=\"elementor-section elementor-inner-section elementor-element elementor-element-6bc899d elementor-section-boxed elementor-section-height-default elementor-section-height-default mkdf-parallax-row-no mkdf-content-aligment-left mkdf-elementor-row-grid-no mkdf-disabled-bg-image-bellow-no mkdf-row-btt-light\" data-id=\"6bc899d\" data-element_type=\"section\">\n\t\t\t\t\t\t<div class=\"elementor-container elementor-column-gap-default\">\n\t\t\t\t\t<div class=\"elementor-column elementor-col-100 elementor-inner-column elementor-element elementor-element-ea0786b\" data-id=\"ea0786b\" data-element_type=\"column\">\n\t\t\t<div class=\"elementor-widget-wrap elementor-element-populated\">\n\t\t\t\t\t\t\t\t<div class=\"elementor-element elementor-element-2139d94 elementor-widget elementor-widget-mkdf_section_title\" data-id=\"2139d94\" data-element_type=\"widget\" data-widget_type=\"mkdf_section_title.default\">\n\t\t\t\t<div class=\"elementor-widget-container\">\n\t\t\t<div class=\"mkdf-section-title-holder  mkdf-st-standard   \" >\n\t<div class=\"mkdf-st-inner\">\n                    <h6 class=\"mkdf-st-intro-title\" style=\"color: #FFFFFF\">\n                M\u015eB Construction            <\/h6>\n        \t\t\t\t\t<h2 class=\"mkdf-st-title\" style=\"color: #FFFFFF\">\n\t\t\t\tContact Us\t\t\t<\/h2>\n\t\t\t\t\t<\/div>\n<\/div>\t\t<\/div>\n\t\t\t\t<\/div>\n\t\t\t\t<div class=\"elementor-element elementor-element-0186139 elementor-widget elementor-widget-text-editor\" data-id=\"0186139\" data-element_type=\"widget\" data-widget_type=\"text-editor.default\">\n\t\t\t\t<div class=\"elementor-widget-container\">\n\t\t\t\t\t<div class=\"elementor-text-editor elementor-clearfix\"><p><span style=\"color: #ffffff;\">Fahrettin Altay 65\/20 Sokak No:29 \/1 \u00dc\u00e7kuyular 35350 Karaba\u011flar\/\u0130zmir\/T\u00fcrkiye<\/span><\/p><\/div>\n\t\t\t\t<\/div>\n\t\t\t\t<\/div>\n\t\t\t\t<div class=\"elementor-element elementor-element-b8e3d53 elementor-widget elementor-widget-text-editor\" data-id=\"b8e3d53\" data-element_type=\"widget\" data-widget_type=\"text-editor.default\">\n\t\t\t\t<div class=\"elementor-widget-container\">\n\t\t\t\t\t<div class=\"elementor-text-editor elementor-clearfix\"><p style=\"margin-bottom: 0;\"><span style=\"color: #ffffff;\">Email: info@msbinsaat.com<\/span><\/p><\/div>\n\t\t\t\t<\/div>\n\t\t\t\t<\/div>\n\t\t\t\t<div class=\"elementor-element elementor-element-f0cb889 elementor-widget elementor-widget-text-editor\" data-id=\"f0cb889\" data-element_type=\"widget\" data-widget_type=\"text-editor.default\">\n\t\t\t\t<div class=\"elementor-widget-container\">\n\t\t\t\t\t<div class=\"elementor-text-editor elementor-clearfix\"><p><span style=\"color: #ffffff;\">Phone: 0 232 277 05 90<\/span><\/p><\/div>\n\t\t\t\t<\/div>\n\t\t\t\t<\/div>\n\t\t\t\t<div class=\"elementor-element elementor-element-f14f377 elementor-widget elementor-widget-text-editor\" data-id=\"f14f377\" data-element_type=\"widget\" data-widget_type=\"text-editor.default\">\n\t\t\t\t<div class=\"elementor-widget-container\">\n\t\t\t\t\t<div class=\"elementor-text-editor elementor-clearfix\"><p style=\"margin-top: 5px;\"><span style=\"color: #ffffff;\">Fax: 0 232 278 78 35<\/span><\/p><\/div>\n\t\t\t\t<\/div>\n\t\t\t\t<\/div>\n\t\t\t\t<div class=\"elementor-element elementor-element-231ac24 elementor-widget elementor-widget-text-editor\" data-id=\"231ac24\" data-element_type=\"widget\" data-widget_type=\"text-editor.default\">\n\t\t\t\t<div class=\"elementor-widget-container\">\n\t\t\t\t\t<div class=\"elementor-text-editor elementor-clearfix\"><h4><span style=\"color: #ffffff;\">Follow us:<\/span><\/h4><\/div>\n\t\t\t\t<\/div>\n\t\t\t\t<\/div>\n\t\t\t\t<div class=\"elementor-element elementor-element-9263f28 elementor-widget__width-auto elementor-widget elementor-widget-mkdf_icon\" data-id=\"9263f28\" data-element_type=\"widget\" data-widget_type=\"mkdf_icon.default\">\n\t\t\t\t<div class=\"elementor-widget-container\">\n\t\t\t    <span class=\"mkdf-icon-shortcode mkdf-normal   mkdf-icon-tiny\"  data-hover-color=\"#FF5E14\" data-color=\"#FFFFFF\">\n                    <a itemprop=\"url\" class=\"\" href=\"#\" target=\"_blank\">\n                    <span aria-hidden=\"true\" class=\"mkdf-icon-font-elegant social_facebook mkdf-icon-element\" style=\"color: #FFFFFF;font-size:19px\" ><\/span>                    <\/a>\n            <\/span>\n\t\t<\/div>\n\t\t\t\t<\/div>\n\t\t\t\t<div class=\"elementor-element elementor-element-ffc5529 elementor-widget__width-auto elementor-widget elementor-widget-mkdf_icon\" data-id=\"ffc5529\" data-element_type=\"widget\" data-widget_type=\"mkdf_icon.default\">\n\t\t\t\t<div class=\"elementor-widget-container\">\n\t\t\t    <span class=\"mkdf-icon-shortcode mkdf-normal   mkdf-icon-tiny\"  data-hover-color=\"#FF5E14\" data-color=\"#FFFFFF\">\n                    <a itemprop=\"url\" class=\"\" href=\"#\" target=\"_blank\">\n                    <span aria-hidden=\"true\" class=\"mkdf-icon-font-elegant social_twitter mkdf-icon-element\" style=\"color: #FFFFFF;font-size:19px\" ><\/span>                    <\/a>\n            <\/span>\n\t\t<\/div>\n\t\t\t\t<\/div>\n\t\t\t\t<div class=\"elementor-element elementor-element-23bf949 elementor-widget__width-auto elementor-widget elementor-widget-mkdf_icon\" data-id=\"23bf949\" data-element_type=\"widget\" data-widget_type=\"mkdf_icon.default\">\n\t\t\t\t<div class=\"elementor-widget-container\">\n\t\t\t    <span class=\"mkdf-icon-shortcode mkdf-normal   mkdf-icon-tiny\"  data-hover-color=\"#FF5E14\" data-color=\"#FFFFFF\">\n                    <a itemprop=\"url\" class=\"\" href=\"#\" target=\"_blank\">\n                    <span aria-hidden=\"true\" class=\"mkdf-icon-font-elegant social_instagram mkdf-icon-element\" style=\"color: #FFFFFF;font-size:19px\" ><\/span>                    <\/a>\n            <\/span>\n\t\t<\/div>\n\t\t\t\t<\/div>\n\t\t\t\t<div class=\"elementor-element elementor-element-473caf3 elementor-widget__width-auto elementor-widget elementor-widget-mkdf_icon\" data-id=\"473caf3\" data-element_type=\"widget\" data-widget_type=\"mkdf_icon.default\">\n\t\t\t\t<div class=\"elementor-widget-container\">\n\t\t\t    <span class=\"mkdf-icon-shortcode mkdf-normal   mkdf-icon-tiny\"  data-hover-color=\"#FF5E14\" data-color=\"#FFFFFF\">\n                    <a itemprop=\"url\" class=\"\" href=\"#\" target=\"_blank\">\n                    <span aria-hidden=\"true\" class=\"mkdf-icon-font-elegant social_linkedin mkdf-icon-element\" style=\"color: #FFFFFF;font-size:19px\" ><\/span>                    <\/a>\n            <\/span>\n\t\t<\/div>\n\t\t\t\t<\/div>\n\t\t\t\t\t<\/div>\n\t\t<\/div>\n\t\t\t\t\t\t\t<\/div>\n\t\t<\/section>\n\t\t\t\t\t<\/div>\n\t\t<\/div>\n\t\t\t\t\t\t\t<\/div>\n\t\t<\/section>\n\t\t\t\t\t\t<\/div>\n\t\t\t\t\t<\/div>\n\t\t","protected":false},"excerpt":{"rendered":"<p>Your Name* E-Ma\u0131l * Your Message Send M\u015eB Construction Contact Us Fahrettin Altay 65\/20 Sokak No:29 \/1 \u00dc\u00e7kuyular 35350 Karaba\u011flar\/\u0130zmir\/T\u00fcrkiye Email: info@msbinsaat.com Phone: 0 232 277 05 90 Fax: 0 232 278 78 35 Follow us:<\/p>\n","protected":false},"author":1,"featured_media":0,"parent":0,"menu_order":0,"comment_status":"closed","ping_status":"closed","template":"elementor_header_footer","meta":[],"_links":{"self":[{"href":"https:\/\/www.msbinsaat.com\/en\/wp-json\/wp\/v2\/pages\/9739"}],"collection":[{"href":"https:\/\/www.msbinsaat.com\/en\/wp-json\/wp\/v2\/pages"}],"about":[{"href":"https:\/\/www.msbinsaat.com\/en\/wp-json\/wp\/v2\/types\/page"}],"author":[{"embeddable":true,"href":"https:\/\/www.msbinsaat.com\/en\/wp-json\/wp\/v2\/users\/1"}],"replies":[{"embeddable":true,"href":"https:\/\/www.msbinsaat.com\/en\/wp-json\/wp\/v2\/comments?post=9739"}],"version-history":[{"count":10,"href":"https:\/\/www.msbinsaat.com\/en\/wp-json\/wp\/v2\/pages\/9739\/revisions"}],"predecessor-version":[{"id":12877,"href":"https:\/\/www.msbinsaat.com\/en\/wp-json\/wp\/v2\/pages\/9739\/revisions\/12877"}],"wp:attachment":[{"href":"https:\/\/www.msbinsaat.com\/en\/wp-json\/wp\/v2\/media?parent=9739"}],"curies":[{"name":"wp","href":"https:\/\/api.w.org\/{rel}","templated":true}]}}